{"id":136,"date":"2025-02-25T20:31:33","date_gmt":"2025-02-25T19:31:33","guid":{"rendered":"http:\/\/bethany-home.fr\/?page_id=136"},"modified":"2025-04-08T03:54:30","modified_gmt":"2025-04-08T01:54:30","slug":"prestations","status":"publish","type":"page","link":"https:\/\/bethany-home.fr\/?page_id=136","title":{"rendered":"NOS PRESTATIONS"},"content":{"rendered":"\t\t<div data-elementor-type=\"wp-page\" data-elementor-id=\"136\" class=\"elementor elementor-136\">\n\t\t\t\t<div class=\"elementor-element elementor-element-t8f5fh9 e-flex e-con-boxed e-con e-parent\" data-id=\"t8f5fh9\" data-element_type=\"container\" data-settings=\"{&quot;background_background&quot;:&quot;classic&quot;}\">\n\t\t\t\t\t<div class=\"e-con-inner\">\n\t\t<div class=\"elementor-element elementor-element-0c73a23 e-con-full e-flex e-con e-child\" data-id=\"0c73a23\" data-element_type=\"container\">\n\t\t\t\t<div class=\"elementor-element elementor-element-d33411e elementor-widget elementor-widget-heading\" data-id=\"d33411e\" data-element_type=\"widget\" data-widget_type=\"heading.default\">\n\t\t\t\t<div class=\"elementor-widget-container\">\n\t\t\t\t\t<h2 class=\"elementor-heading-title elementor-size-default\">Un lieu de vie chaleureux et s\u00e9curis\u00e9<\/h2>\t\t\t\t<\/div>\n\t\t\t\t<\/div>\n\t\t\t\t<div class=\"elementor-element elementor-element-e3ee3a0 elementor-widget elementor-widget-heading\" data-id=\"e3ee3a0\" data-element_type=\"widget\" data-widget_type=\"heading.default\">\n\t\t\t\t<div class=\"elementor-widget-container\">\n\t\t\t\t\t<h1 class=\"elementor-heading-title elementor-size-default\">Nos Services &amp; Prestations<\/h1>\t\t\t\t<\/div>\n\t\t\t\t<\/div>\n\t\t\t\t<\/div>\n\t\t\t\t\t<\/div>\n\t\t\t\t<\/div>\n\t\t<div class=\"elementor-element elementor-element-75bf482 e-flex e-con-boxed e-con e-parent\" data-id=\"75bf482\" data-element_type=\"container\">\n\t\t\t\t\t<div class=\"e-con-inner\">\n\t\t\t\t<div class=\"elementor-element elementor-element-ef357a7 elementor-widget elementor-widget-text-editor\" data-id=\"ef357a7\" data-element_type=\"widget\" data-widget_type=\"text-editor.default\">\n\t\t\t\t<div class=\"elementor-widget-container\">\n\t\t\t\t\t\t\t\t\t<p data-pm-slice=\"1 1 []\">Situ\u00e9 au c\u0153ur de Saint-Martin, <strong>l\u2019EHPAD Bethany Home<\/strong> accueille et accompagne les personnes \u00e2g\u00e9es d\u00e9pendantes en leur offrant un cadre de vie chaleureux et s\u00e9curis\u00e9. Notre mission est de garantir \u00e0 chaque r\u00e9sident un accompagnement personnalis\u00e9, respectueux de sa dignit\u00e9 et de ses choix.<\/p>\t\t\t\t\t\t\t\t<\/div>\n\t\t\t\t<\/div>\n\t\t\t\t\t<\/div>\n\t\t\t\t<\/div>\n\t\t<div class=\"elementor-element elementor-element-i7cfmqf e-flex e-con-boxed e-con e-parent\" data-id=\"i7cfmqf\" data-element_type=\"container\" data-settings=\"{&quot;background_background&quot;:&quot;classic&quot;}\">\n\t\t\t\t\t<div class=\"e-con-inner\">\n\t\t<div class=\"elementor-element elementor-element-56a4564 e-con-full e-flex e-con e-child\" data-id=\"56a4564\" data-element_type=\"container\">\n\t\t\t\t<div class=\"elementor-element elementor-element-50d6336 elementor-widget elementor-widget-heading\" data-id=\"50d6336\" data-element_type=\"widget\" data-widget_type=\"heading.default\">\n\t\t\t\t<div class=\"elementor-widget-container\">\n\t\t\t\t\t<h3 class=\"elementor-heading-title elementor-size-default\">H\u00e9bergement<\/h3>\t\t\t\t<\/div>\n\t\t\t\t<\/div>\n\t\t\t\t<div class=\"elementor-element elementor-element-9308ff2 elementor-widget elementor-widget-text-editor\" data-id=\"9308ff2\" data-element_type=\"widget\" data-widget_type=\"text-editor.default\">\n\t\t\t\t<div class=\"elementor-widget-container\">\n\t\t\t\t\t\t\t\t\t<p data-pm-slice=\"1 1 []\">L\u2019EHPAD dispose de <strong>40 places<\/strong> en chambres individuelles et doubles, \u00e9quip\u00e9es pour assurer confort et s\u00e9curit\u00e9. Chaque chambre est am\u00e9nageable selon les pr\u00e9f\u00e9rences du r\u00e9sident afin de pr\u00e9server un cadre de vie personnalis\u00e9.<\/p>\t\t\t\t\t\t\t\t<\/div>\n\t\t\t\t<\/div>\n\t\t\t\t<\/div>\n\t\t<div class=\"elementor-element elementor-element-dffccf7 e-con-full e-flex e-con e-child\" data-id=\"dffccf7\" data-element_type=\"container\">\n\t\t\t\t<div class=\"elementor-element elementor-element-a48b651 elementor-widget elementor-widget-image\" data-id=\"a48b651\" data-element_type=\"widget\" data-widget_type=\"image.default\">\n\t\t\t\t<div class=\"elementor-widget-container\">\n\t\t\t\t\t\t\t\t\t\t\t\t\t\t\t<img fetchpriority=\"high\" decoding=\"async\" width=\"819\" height=\"1024\" src=\"https:\/\/bethany-home.fr\/wp-content\/uploads\/2025\/04\/Bethany-Home-Story-Instagram-Publication-Instagram-45-819x1024.png\" class=\"attachment-large size-large wp-image-286\" alt=\"\" srcset=\"https:\/\/bethany-home.fr\/wp-content\/uploads\/2025\/04\/Bethany-Home-Story-Instagram-Publication-Instagram-45-819x1024.png 819w, https:\/\/bethany-home.fr\/wp-content\/uploads\/2025\/04\/Bethany-Home-Story-Instagram-Publication-Instagram-45-240x300.png 240w, https:\/\/bethany-home.fr\/wp-content\/uploads\/2025\/04\/Bethany-Home-Story-Instagram-Publication-Instagram-45-768x960.png 768w, https:\/\/bethany-home.fr\/wp-content\/uploads\/2025\/04\/Bethany-Home-Story-Instagram-Publication-Instagram-45.png 1080w\" sizes=\"(max-width: 819px) 100vw, 819px\" \/>\t\t\t\t\t\t\t\t\t\t\t\t\t\t\t<\/div>\n\t\t\t\t<\/div>\n\t\t\t\t<\/div>\n\t\t\t\t\t<\/div>\n\t\t\t\t<\/div>\n\t\t<div class=\"elementor-element elementor-element-1azkc89 e-flex e-con-boxed e-con e-parent\" data-id=\"1azkc89\" data-element_type=\"container\" data-settings=\"{&quot;background_background&quot;:&quot;classic&quot;}\">\n\t\t\t\t\t<div class=\"e-con-inner\">\n\t\t<div class=\"elementor-element elementor-element-6880e43 e-con-full e-flex e-con e-child\" data-id=\"6880e43\" data-element_type=\"container\">\n\t\t\t\t<div class=\"elementor-element elementor-element-f51149a elementor-widget elementor-widget-image\" data-id=\"f51149a\" data-element_type=\"widget\" data-widget_type=\"image.default\">\n\t\t\t\t<div class=\"elementor-widget-container\">\n\t\t\t\t\t\t\t\t\t\t\t\t\t\t\t<img decoding=\"async\" width=\"768\" height=\"1024\" src=\"https:\/\/bethany-home.fr\/wp-content\/uploads\/2025\/02\/DSCN8714-768x1024.jpg\" class=\"attachment-large size-large wp-image-101\" alt=\"\" srcset=\"https:\/\/bethany-home.fr\/wp-content\/uploads\/2025\/02\/DSCN8714-768x1024.jpg 768w, https:\/\/bethany-home.fr\/wp-content\/uploads\/2025\/02\/DSCN8714-225x300.jpg 225w, https:\/\/bethany-home.fr\/wp-content\/uploads\/2025\/02\/DSCN8714-1152x1536.jpg 1152w, https:\/\/bethany-home.fr\/wp-content\/uploads\/2025\/02\/DSCN8714-1536x2048.jpg 1536w, https:\/\/bethany-home.fr\/wp-content\/uploads\/2025\/02\/DSCN8714-scaled.jpg 1920w\" sizes=\"(max-width: 768px) 100vw, 768px\" \/>\t\t\t\t\t\t\t\t\t\t\t\t\t\t\t<\/div>\n\t\t\t\t<\/div>\n\t\t\t\t<\/div>\n\t\t<div class=\"elementor-element elementor-element-1d599f0 e-con-full e-flex e-con e-child\" data-id=\"1d599f0\" data-element_type=\"container\">\n\t\t\t\t<div class=\"elementor-element elementor-element-8f2af4c elementor-widget elementor-widget-heading\" data-id=\"8f2af4c\" data-element_type=\"widget\" data-widget_type=\"heading.default\">\n\t\t\t\t<div class=\"elementor-widget-container\">\n\t\t\t\t\t<h3 class=\"elementor-heading-title elementor-size-default\">Accompagnement m\u00e9dical et soins<\/h3>\t\t\t\t<\/div>\n\t\t\t\t<\/div>\n\t\t\t\t<div class=\"elementor-element elementor-element-0701632 elementor-widget elementor-widget-text-editor\" data-id=\"0701632\" data-element_type=\"widget\" data-widget_type=\"text-editor.default\">\n\t\t\t\t<div class=\"elementor-widget-container\">\n\t\t\t\t\t\t\t\t\t<p data-pm-slice=\"1 3 []\">Notre \u00e9quipe m\u00e9dicale assure un suivi rigoureux et personnalis\u00e9 :<\/p><ul data-spread=\"false\"><li><p>Pr\u00e9sence d\u2019infirmiers et d\u2019aides-soignants 24h\/24.<\/p><\/li><li><p>Visites r\u00e9guli\u00e8res de m\u00e9decins g\u00e9n\u00e9ralistes et sp\u00e9cialistes.<\/p><\/li><li><p>Collaboration avec des kin\u00e9sith\u00e9rapeutes, orthophonistes et podologues.<\/p><\/li><li><p>Prise en charge des r\u00e9sidents atteints de maladies neurod\u00e9g\u00e9n\u00e9ratives.<\/p><\/li><\/ul>\t\t\t\t\t\t\t\t<\/div>\n\t\t\t\t<\/div>\n\t\t\t\t<\/div>\n\t\t\t\t\t<\/div>\n\t\t\t\t<\/div>\n\t\t<div class=\"elementor-element elementor-element-bviw3hy e-flex e-con-boxed e-con e-parent\" data-id=\"bviw3hy\" data-element_type=\"container\" data-settings=\"{&quot;background_background&quot;:&quot;classic&quot;}\">\n\t\t\t\t\t<div class=\"e-con-inner\">\n\t\t<div class=\"elementor-element elementor-element-47189ec e-con-full e-flex e-con e-child\" data-id=\"47189ec\" data-element_type=\"container\">\n\t\t\t\t<div class=\"elementor-element elementor-element-638dd26 elementor-widget elementor-widget-heading\" data-id=\"638dd26\" data-element_type=\"widget\" data-widget_type=\"heading.default\">\n\t\t\t\t<div class=\"elementor-widget-container\">\n\t\t\t\t\t<h3 class=\"elementor-heading-title elementor-size-default\">Activit\u00e9s et animations<\/h3>\t\t\t\t<\/div>\n\t\t\t\t<\/div>\n\t\t\t\t<div class=\"elementor-element elementor-element-d1d1e1e elementor-widget elementor-widget-text-editor\" data-id=\"d1d1e1e\" data-element_type=\"widget\" data-widget_type=\"text-editor.default\">\n\t\t\t\t<div class=\"elementor-widget-container\">\n\t\t\t\t\t\t\t\t\t<p data-pm-slice=\"1 3 []\">Parce que la vie en EHPAD ne se limite pas aux soins, nous proposons un programme d\u2019animations vari\u00e9es :<\/p><ul data-spread=\"false\"><li><p>Ateliers m\u00e9moire et jeux cognitifs.<\/p><\/li><li><p>Activit\u00e9s artistiques et manuelles.<\/p><\/li><li><p>S\u00e9ances de relaxation et de bien-\u00eatre.<\/p><\/li><li><p>Sorties culturelles et rencontres interg\u00e9n\u00e9rationnelles.<\/p><\/li><\/ul>\t\t\t\t\t\t\t\t<\/div>\n\t\t\t\t<\/div>\n\t\t\t\t<\/div>\n\t\t<div class=\"elementor-element elementor-element-e0dacc0 e-con-full e-flex e-con e-child\" data-id=\"e0dacc0\" data-element_type=\"container\">\n\t\t\t\t<div class=\"elementor-element elementor-element-e56c3c6 elementor-widget elementor-widget-image\" data-id=\"e56c3c6\" data-element_type=\"widget\" data-widget_type=\"image.default\">\n\t\t\t\t<div class=\"elementor-widget-container\">\n\t\t\t\t\t\t\t\t\t\t\t\t\t\t\t<img decoding=\"async\" width=\"768\" height=\"1024\" src=\"https:\/\/bethany-home.fr\/wp-content\/uploads\/2025\/02\/74ccd4d2-121d-4f76-9444-69271c19f366-768x1024.jpg\" class=\"attachment-large size-large wp-image-124\" alt=\"\" srcset=\"https:\/\/bethany-home.fr\/wp-content\/uploads\/2025\/02\/74ccd4d2-121d-4f76-9444-69271c19f366-768x1024.jpg 768w, https:\/\/bethany-home.fr\/wp-content\/uploads\/2025\/02\/74ccd4d2-121d-4f76-9444-69271c19f366-225x300.jpg 225w, https:\/\/bethany-home.fr\/wp-content\/uploads\/2025\/02\/74ccd4d2-121d-4f76-9444-69271c19f366.jpg 960w\" sizes=\"(max-width: 768px) 100vw, 768px\" \/>\t\t\t\t\t\t\t\t\t\t\t\t\t\t\t<\/div>\n\t\t\t\t<\/div>\n\t\t\t\t<\/div>\n\t\t\t\t\t<\/div>\n\t\t\t\t<\/div>\n\t\t<div class=\"elementor-element elementor-element-af483a7 e-flex e-con-boxed e-con e-parent\" data-id=\"af483a7\" data-element_type=\"container\" data-settings=\"{&quot;background_background&quot;:&quot;classic&quot;}\">\n\t\t\t\t\t<div class=\"e-con-inner\">\n\t\t<div class=\"elementor-element elementor-element-9efbdb7 e-con-full e-flex e-con e-child\" data-id=\"9efbdb7\" data-element_type=\"container\">\n\t\t\t\t<div class=\"elementor-element elementor-element-0808907 elementor-widget elementor-widget-image\" data-id=\"0808907\" data-element_type=\"widget\" data-widget_type=\"image.default\">\n\t\t\t\t<div class=\"elementor-widget-container\">\n\t\t\t\t\t\t\t\t\t\t\t\t\t\t\t<img loading=\"lazy\" decoding=\"async\" width=\"768\" height=\"1024\" src=\"https:\/\/bethany-home.fr\/wp-content\/uploads\/2025\/02\/IMG_0089-768x1024.jpg\" class=\"attachment-large size-large wp-image-143\" alt=\"\" srcset=\"https:\/\/bethany-home.fr\/wp-content\/uploads\/2025\/02\/IMG_0089-768x1024.jpg 768w, https:\/\/bethany-home.fr\/wp-content\/uploads\/2025\/02\/IMG_0089-225x300.jpg 225w, https:\/\/bethany-home.fr\/wp-content\/uploads\/2025\/02\/IMG_0089-1152x1536.jpg 1152w, https:\/\/bethany-home.fr\/wp-content\/uploads\/2025\/02\/IMG_0089-1536x2048.jpg 1536w, https:\/\/bethany-home.fr\/wp-content\/uploads\/2025\/02\/IMG_0089-scaled.jpg 1920w\" sizes=\"(max-width: 768px) 100vw, 768px\" \/>\t\t\t\t\t\t\t\t\t\t\t\t\t\t\t<\/div>\n\t\t\t\t<\/div>\n\t\t\t\t<\/div>\n\t\t<div class=\"elementor-element elementor-element-35c8e94 e-con-full e-flex e-con e-child\" data-id=\"35c8e94\" data-element_type=\"container\">\n\t\t\t\t<div class=\"elementor-element elementor-element-14310c5 elementor-widget elementor-widget-heading\" data-id=\"14310c5\" data-element_type=\"widget\" data-widget_type=\"heading.default\">\n\t\t\t\t<div class=\"elementor-widget-container\">\n\t\t\t\t\t<h3 class=\"elementor-heading-title elementor-size-default\">Restauration<\/h3>\t\t\t\t<\/div>\n\t\t\t\t<\/div>\n\t\t\t\t<div class=\"elementor-element elementor-element-c4226dc elementor-widget elementor-widget-text-editor\" data-id=\"c4226dc\" data-element_type=\"widget\" data-widget_type=\"text-editor.default\">\n\t\t\t\t<div class=\"elementor-widget-container\">\n\t\t\t\t\t\t\t\t\t<p data-pm-slice=\"1 3 []\">Une alimentation \u00e9quilibr\u00e9e et savoureuse est essentielle au bien-\u00eatre de nos r\u00e9sidents :<\/p><ul data-spread=\"false\"><li><p>Repas pr\u00e9par\u00e9s sur place par notre chef.<\/p><\/li><li><p>Menus vari\u00e9s et adapt\u00e9s aux r\u00e9gimes sp\u00e9cifiques.<\/p><\/li><li><p>Possibilit\u00e9 de repas en chambre si n\u00e9cessaire.<\/p><\/li><\/ul>\t\t\t\t\t\t\t\t<\/div>\n\t\t\t\t<\/div>\n\t\t\t\t<\/div>\n\t\t\t\t\t<\/div>\n\t\t\t\t<\/div>\n\t\t<div class=\"elementor-element elementor-element-529136a e-flex e-con-boxed e-con e-parent\" data-id=\"529136a\" data-element_type=\"container\" data-settings=\"{&quot;background_background&quot;:&quot;classic&quot;}\">\n\t\t\t\t\t<div class=\"e-con-inner\">\n\t\t<div class=\"elementor-element elementor-element-e86fbb8 e-con-full e-flex e-con e-child\" data-id=\"e86fbb8\" data-element_type=\"container\">\n\t\t\t\t<div class=\"elementor-element elementor-element-4d1423e elementor-widget elementor-widget-heading\" data-id=\"4d1423e\" data-element_type=\"widget\" data-widget_type=\"heading.default\">\n\t\t\t\t<div class=\"elementor-widget-container\">\n\t\t\t\t\t<h3 class=\"elementor-heading-title elementor-size-default\">Services compl\u00e9mentaires<\/h3>\t\t\t\t<\/div>\n\t\t\t\t<\/div>\n\t\t\t\t<div class=\"elementor-element elementor-element-829dde4 elementor-widget elementor-widget-text-editor\" data-id=\"829dde4\" data-element_type=\"widget\" data-widget_type=\"text-editor.default\">\n\t\t\t\t<div class=\"elementor-widget-container\">\n\t\t\t\t\t\t\t\t\t<p data-pm-slice=\"1 3 []\">Pour r\u00e9pondre aux besoins du quotidien, nous mettons \u00e0 disposition :<\/p><ul data-spread=\"false\"><li><p>Service de blanchisserie.<\/p><\/li><li><p>Coiffure et soins esth\u00e9tiques.<\/p><\/li><li><p>Assistance administrative pour les d\u00e9marches personnelles.<\/p><\/li><\/ul>\t\t\t\t\t\t\t\t<\/div>\n\t\t\t\t<\/div>\n\t\t\t\t<\/div>\n\t\t<div class=\"elementor-element elementor-element-8cd6761 e-con-full e-flex e-con e-child\" data-id=\"8cd6761\" data-element_type=\"container\">\n\t\t\t\t<div class=\"elementor-element elementor-element-88675a0 elementor-widget elementor-widget-image\" data-id=\"88675a0\" data-element_type=\"widget\" data-widget_type=\"image.default\">\n\t\t\t\t<div class=\"elementor-widget-container\">\n\t\t\t\t\t\t\t\t\t\t\t\t\t\t\t<img loading=\"lazy\" decoding=\"async\" width=\"1024\" height=\"683\" src=\"https:\/\/bethany-home.fr\/wp-content\/uploads\/2025\/02\/IMG_0042-1024x683.jpg\" class=\"attachment-large size-large wp-image-144\" alt=\"\" srcset=\"https:\/\/bethany-home.fr\/wp-content\/uploads\/2025\/02\/IMG_0042-1024x683.jpg 1024w, https:\/\/bethany-home.fr\/wp-content\/uploads\/2025\/02\/IMG_0042-300x200.jpg 300w, https:\/\/bethany-home.fr\/wp-content\/uploads\/2025\/02\/IMG_0042-768x512.jpg 768w, https:\/\/bethany-home.fr\/wp-content\/uploads\/2025\/02\/IMG_0042-1536x1024.jpg 1536w, https:\/\/bethany-home.fr\/wp-content\/uploads\/2025\/02\/IMG_0042-2048x1366.jpg 2048w\" sizes=\"(max-width: 1024px) 100vw, 1024px\" \/>\t\t\t\t\t\t\t\t\t\t\t\t\t\t\t<\/div>\n\t\t\t\t<\/div>\n\t\t\t\t<\/div>\n\t\t\t\t\t<\/div>\n\t\t\t\t<\/div>\n\t\t<div class=\"elementor-element elementor-element-e98a0b8 e-flex e-con-boxed e-con e-parent\" data-id=\"e98a0b8\" data-element_type=\"container\" data-settings=\"{&quot;background_background&quot;:&quot;classic&quot;}\">\n\t\t\t\t\t<div class=\"e-con-inner\">\n\t\t\t\t<div class=\"elementor-element elementor-element-6fc555e elementor-widget elementor-widget-heading\" data-id=\"6fc555e\" data-element_type=\"widget\" data-widget_type=\"heading.default\">\n\t\t\t\t<div class=\"elementor-widget-container\">\n\t\t\t\t\t<h2 class=\"elementor-heading-title elementor-size-default\">NOUS CONTACTER<\/h2>\t\t\t\t<\/div>\n\t\t\t\t<\/div>\n\t\t\t\t<div class=\"elementor-element elementor-element-03fbf10 elementor-widget elementor-widget-heading\" data-id=\"03fbf10\" data-element_type=\"widget\" data-widget_type=\"heading.default\">\n\t\t\t\t<div class=\"elementor-widget-container\">\n\t\t\t\t\t<h3 class=\"elementor-heading-title elementor-size-default\">Vous souhaitez nous rencontrer ou avoir plus de renseignements ?<\/h3>\t\t\t\t<\/div>\n\t\t\t\t<\/div>\n\t\t\t\t<div class=\"elementor-element elementor-element-fe9d4b2 elementor-align-center elementor-widget elementor-widget-button\" data-id=\"fe9d4b2\" data-element_type=\"widget\" data-widget_type=\"button.default\">\n\t\t\t\t<div class=\"elementor-widget-container\">\n\t\t\t\t\t\t\t\t\t<div class=\"elementor-button-wrapper\">\n\t\t\t\t\t<a class=\"elementor-button elementor-button-link elementor-size-sm\" href=\"http:\/\/bethany-home.fr\/?page_id=154\">\n\t\t\t\t\t\t<span class=\"elementor-button-content-wrapper\">\n\t\t\t\t\t\t\t\t\t<span class=\"elementor-button-text\">CONTACTEZ-NOUS<\/span>\n\t\t\t\t\t<\/span>\n\t\t\t\t\t<\/a>\n\t\t\t\t<\/div>\n\t\t\t\t\t\t\t\t<\/div>\n\t\t\t\t<\/div>\n\t\t\t\t\t<\/div>\n\t\t\t\t<\/div>\n\t\t\t\t<\/div>\n\t\t","protected":false},"excerpt":{"rendered":"<p>Un lieu de vie chaleureux et s\u00e9curis\u00e9 Nos Services &amp; Prestations Situ\u00e9 au c\u0153ur de Saint-Martin, l\u2019EHPAD Bethany Home accueille [&hellip;]<\/p>\n","protected":false},"author":1,"featured_media":0,"parent":0,"menu_order":0,"comment_status":"closed","ping_status":"closed","template":"","meta":{"site-sidebar-layout":"no-sidebar","site-content-layout":"","ast-site-content-layout":"full-width-container","site-content-style":"default","site-sidebar-style":"default","ast-global-header-display":"","ast-banner-title-visibility":"","ast-main-header-display":"","ast-hfb-above-header-display":"","ast-hfb-below-header-display":"","ast-hfb-mobile-header-display":"","site-post-title":"disabled","ast-breadcrumbs-content":"","ast-featured-img":"disabled","footer-sml-layout":"","theme-transparent-header-meta":"","adv-header-id-meta":"","stick-header-meta":"","header-above-stick-meta":"","header-main-stick-meta":"","header-below-stick-meta":"","astra-migrate-meta-layouts":"default","ast-page-background-enabled":"default","ast-page-background-meta":{"desktop":{"background-color":"var(--ast-global-color-5)","background-image":"","background-repeat":"repeat","background-position":"center center","background-size":"auto","background-attachment":"scroll","background-type":"","background-media":"","overlay-type":"","overlay-color":"","overlay-opacity":"","overlay-gradient":""},"tablet":{"background-color":"","background-image":"","background-repeat":"repeat","background-position":"center center","background-size":"auto","background-attachment":"scroll","background-type":"","background-media":"","overlay-type":"","overlay-color":"","overlay-opacity":"","overlay-gradient":""},"mobile":{"background-color":"","background-image":"","background-repeat":"repeat","background-position":"center center","background-size":"auto","background-attachment":"scroll","background-type":"","background-media":"","overlay-type":"","overlay-color":"","overlay-opacity":"","overlay-gradient":""}},"ast-content-background-meta":{"desktop":{"background-color":"var(--ast-global-color-4)","background-image":"","background-repeat":"repeat","background-position":"center center","background-size":"auto","background-attachment":"scroll","background-type":"","background-media":"","overlay-type":"","overlay-color":"","overlay-opacity":"","overlay-gradient":""},"tablet":{"background-color":"var(--ast-global-color-4)","background-image":"","background-repeat":"repeat","background-position":"center center","background-size":"auto","background-attachment":"scroll","background-type":"","background-media":"","overlay-type":"","overlay-color":"","overlay-opacity":"","overlay-gradient":""},"mobile":{"background-color":"var(--ast-global-color-4)","background-image":"","background-repeat":"repeat","background-position":"center center","background-size":"auto","background-attachment":"scroll","background-type":"","background-media":"","overlay-type":"","overlay-color":"","overlay-opacity":"","overlay-gradient":""}},"footnotes":""},"class_list":["post-136","page","type-page","status-publish","hentry"],"_links":{"self":[{"href":"https:\/\/bethany-home.fr\/index.php?rest_route=\/wp\/v2\/pages\/136","targetHints":{"allow":["GET"]}}],"collection":[{"href":"https:\/\/bethany-home.fr\/index.php?rest_route=\/wp\/v2\/pages"}],"about":[{"href":"https:\/\/bethany-home.fr\/index.php?rest_route=\/wp\/v2\/types\/page"}],"author":[{"embeddable":true,"href":"https:\/\/bethany-home.fr\/index.php?rest_route=\/wp\/v2\/users\/1"}],"replies":[{"embeddable":true,"href":"https:\/\/bethany-home.fr\/index.php?rest_route=%2Fwp%2Fv2%2Fcomments&post=136"}],"version-history":[{"count":17,"href":"https:\/\/bethany-home.fr\/index.php?rest_route=\/wp\/v2\/pages\/136\/revisions"}],"predecessor-version":[{"id":289,"href":"https:\/\/bethany-home.fr\/index.php?rest_route=\/wp\/v2\/pages\/136\/revisions\/289"}],"wp:attachment":[{"href":"https:\/\/bethany-home.fr\/index.php?rest_route=%2Fwp%2Fv2%2Fmedia&parent=136"}],"curies":[{"name":"wp","href":"https:\/\/api.w.org\/{rel}","templated":true}]}}